{"id":3618,"date":"2024-01-19T14:23:23","date_gmt":"2024-01-19T13:23:23","guid":{"rendered":"https:\/\/clinicavallcorba.com\/informacion-sobre-cookies\/"},"modified":"2024-01-26T10:19:10","modified_gmt":"2024-01-26T09:19:10","slug":"informacio-sobre-galetes","status":"publish","type":"page","link":"https:\/\/clinicavallcorba.com\/ca\/informacio-sobre-galetes\/","title":{"rendered":"Informaci\u00f3 sobre galetes"},"content":{"rendered":"<div class=\"fusion-fullwidth fullwidth-box fusion-builder-row-1 fusion-flex-container has-pattern-background has-mask-background nonhundred-percent-fullwidth non-hundred-percent-height-scrolling\" style=\"--link_hover_color: var(--awb-color7);--link_color: var(--awb-color8);--awb-border-sizes-top:0px;--awb-border-sizes-bottom:0px;--awb-border-sizes-left:0px;--awb-border-sizes-right:0px;--awb-border-color:#d1d1d1;--awb-border-radius-top-left:0px;--awb-border-radius-top-right:0px;--awb-border-radius-bottom-right:0px;--awb-border-radius-bottom-left:0px;--awb-padding-top:100px;--awb-padding-right:30px;--awb-padding-bottom:100px;--awb-padding-left:30px;--awb-padding-top-medium:60px;--awb-padding-bottom-medium:60px;--awb-padding-top-small:20px;--awb-padding-right-small:50px;--awb-padding-bottom-small:20px;--awb-padding-left-small:50px;--awb-margin-top:0px;--awb-margin-bottom:0px;--awb-background-color:#ffffff;--awb-background-image:linear-gradient(180deg, var(--awb-color1) 0%,rgba(255,255,255,0) 100%);--awb-flex-wrap:wrap;\" ><div class=\"fusion-builder-row fusion-row fusion-flex-align-items-center fusion-flex-content-wrap\" style=\"max-width:1300px;margin-left: calc(-4% \/ 2 );margin-right: calc(-4% \/ 2 );\"><div class=\"fusion-layout-column fusion_builder_column fusion-builder-column-0 fusion_builder_column_3_5 3_5 fusion-flex-column fusion-flex-align-self-stretch fusion-animated\" style=\"--awb-bg-size:cover;--awb-width-large:60%;--awb-margin-top-large:0px;--awb-spacing-right-large:8%;--awb-margin-bottom-large:0px;--awb-spacing-left-large:3.2%;--awb-width-medium:50%;--awb-order-medium:0;--awb-spacing-right-medium:9.6%;--awb-margin-bottom-medium:60px;--awb-spacing-left-medium:3.84%;--awb-width-small:100%;--awb-order-small:0;--awb-spacing-right-small:1.92%;--awb-spacing-left-small:1.92%;\" data-animationType=\"fadeInLeft\" data-animationDuration=\"1.3\" data-animationOffset=\"top-into-view\" data-scroll-devices=\"small-visibility,medium-visibility,large-visibility\"><div class=\"fusion-column-wrapper fusion-column-has-shadow fusion-flex-justify-content-flex-end fusion-content-layout-column\"><div class=\"fusion-image-element \" style=\"text-align:left;--awb-margin-top:50px;--awb-margin-left:-30px;--awb-caption-title-font-family:var(--h2_typography-font-family);--awb-caption-title-font-weight:var(--h2_typography-font-weight);--awb-caption-title-font-style:var(--h2_typography-font-style);--awb-caption-title-size:var(--h2_typography-font-size);--awb-caption-title-transform:var(--h2_typography-text-transform);--awb-caption-title-line-height:var(--h2_typography-line-height);--awb-caption-title-letter-spacing:var(--h2_typography-letter-spacing);\"><span class=\" fusion-imageframe imageframe-none imageframe-1 hover-type-none\"><img decoding=\"async\" width=\"116\" height=\"30\" alt=\"Cl\u00ednica Vallcorba\" title=\"Cl\u00ednica Vallcorba\" src=\"https:\/\/clinicavallcorba.com\/wp-content\/uploads\/raya-vallcorba.png\" class=\"img-responsive wp-image-2545\"\/><\/span><\/div><div class=\"fusion-title title fusion-title-1 fusion-sep-none fusion-title-text fusion-title-size-div\" style=\"--awb-text-color:var(--awb-color8);--awb-margin-bottom:0px;--awb-sep-color:#d1d1d1;--awb-font-size:var(--awb-custom_typography_2-font-size);\"><div class=\"fusion-title-heading title-heading-left title-heading-tag fusion-responsive-typography-calculated\" style=\"font-family:var(--awb-custom_typography_2-font-family);font-weight:var(--awb-custom_typography_2-font-weight);font-style:var(--awb-custom_typography_2-font-style);margin:0;letter-spacing:var(--awb-custom_typography_2-letter-spacing);text-transform:var(--awb-custom_typography_2-text-transform);font-size:1em;--fontSize:21;--minFontSize:21;line-height:var(--awb-custom_typography_2-line-height);\">Aspectes legals<\/div><\/div><div class=\"fusion-title title fusion-title-2 fusion-sep-none fusion-title-text fusion-title-size-div tituloh1\" style=\"--awb-text-color:var(--awb-color5);--awb-margin-bottom:30px;--awb-sep-color:#d1d1d1;--awb-font-size:var(--awb-typography1-font-size);\"><div class=\"fusion-title-heading title-heading-left title-heading-tag fusion-responsive-typography-calculated\" style=\"font-family:var(--awb-typography1-font-family);font-weight:var(--awb-typography1-font-weight);font-style:var(--awb-typography1-font-style);margin:0;letter-spacing:var(--awb-typography1-letter-spacing);text-transform:var(--awb-typography1-text-transform);font-size:1em;--fontSize:60;line-height:var(--awb-typography1-line-height);\">Informaci\u00f3 sobre galetes<\/div><\/div><\/div><\/div><div class=\"fusion-layout-column fusion_builder_column fusion-builder-column-1 fusion_builder_column_2_5 2_5 fusion-flex-column fusion-flex-align-self-stretch fusion-animated\" style=\"--awb-bg-size:cover;--awb-width-large:40%;--awb-margin-top-large:0px;--awb-spacing-right-large:4.8%;--awb-margin-bottom-large:0px;--awb-spacing-left-large:9.6%;--awb-width-medium:50%;--awb-order-medium:1;--awb-spacing-right-medium:3.84%;--awb-spacing-left-medium:7.68%;--awb-width-small:100%;--awb-order-small:0;--awb-spacing-right-small:1.92%;--awb-margin-bottom-small:36px;--awb-spacing-left-small:1.92%;\" data-animationType=\"fadeIn\" data-animationDuration=\"1.3\" data-animationOffset=\"top-into-view\" data-scroll-devices=\"small-visibility,medium-visibility,large-visibility\"><div class=\"fusion-column-wrapper fusion-column-has-shadow fusion-flex-justify-content-flex-end fusion-content-layout-column\"><\/div><\/div><div class=\"fusion-layout-column fusion_builder_column fusion-builder-column-2 fusion_builder_column_1_1 1_1 fusion-flex-column fusion-flex-align-self-stretch fusion-animated\" style=\"--awb-bg-size:cover;--awb-width-large:100%;--awb-margin-top-large:0px;--awb-spacing-right-large:1.92%;--awb-margin-bottom-large:0px;--awb-spacing-left-large:3.84%;--awb-width-medium:50%;--awb-order-medium:1;--awb-spacing-right-medium:3.84%;--awb-spacing-left-medium:7.68%;--awb-width-small:100%;--awb-order-small:0;--awb-spacing-right-small:1.92%;--awb-margin-bottom-small:36px;--awb-spacing-left-small:1.92%;\" data-animationType=\"fadeIn\" data-animationDuration=\"1.3\" data-animationOffset=\"top-into-view\" data-scroll-devices=\"small-visibility,medium-visibility,large-visibility\"><div class=\"fusion-column-wrapper fusion-column-has-shadow fusion-flex-justify-content-flex-end fusion-content-layout-column\"><div class=\"fusion-text fusion-text-1 fusion-text-no-margin\" style=\"--awb-content-alignment:justify;--awb-text-transform:var(--awb-typography4-text-transform);--awb-text-color:var(--awb-color5);\"><p><strong>\u00das de galetes<\/strong><br \/>\nA la nostra web fem servir galetes pr\u00f2pies i de tercers (Google Analytics) per millorar l\u2019experi\u00e8ncia com a usuari i recollir dades estad\u00edstiques sobre l\u2019\u00fas que fan els usuaris de la nostra web. Les galetes s\u2019associen \u00fanicament al navegador que est\u00e0 utilitzant, de manera que no s\u2019emmagatzema cap dada personal sobre l\u2019usuari que visita la nostra p\u00e0gina web. Pot configurar el navegador perqu\u00e8 notifiqui i\/o refusi la instal\u2022laci\u00f3 de les galetes, sense que aix\u00f2 el privi de poder accedir a les diferents zones de la web, excepte al servei de xat de suport t\u00e8cnic.<\/p>\n<p>En navegar per la nostra web, estar\u00e0 acceptant l\u2019\u00fas de les galetes segons les condicions d\u2019aquesta pol\u00edtica. Aquesta pol\u00edtica est\u00e0 subjecta a actualitzacions, i el convidem a revisar-la regularment.<\/p>\n<p><strong>Qu\u00e8 s\u00f3n les galetes?<\/strong><br \/>\nS\u00f3n petits fitxers de dades que el servidor d\u2019internet envia al dispositiu amb qu\u00e8 es connecta a les nostres webs perqu\u00e8 les arxivi. S\u2019associen \u00fanicament al seu navegador i no proporcionen dades personals. Les galetes no poden danyar el dispositiu i s\u00f3n molt \u00fatils, perqu\u00e8 ens ajuden a identificar i resoldre errors.<\/p>\n<p>Si vol m\u00e9s informaci\u00f3 sobre el seu funcionament, visiti\u00a0<a href=\"http:\/\/www.allaboutcookies.org\/\" target=\"_blank\" rel=\"noopener\"><strong>www.allaboutcookies.org\u00a0<\/strong><\/a>i\u00a0<a href=\"http:\/\/www.youronlinechoices.eu\/es\/\" target=\"_blank\" rel=\"noopener\"><strong>www.youronlinechoices.eu<\/strong><\/a><\/p>\n<p><strong>Galetes de xarxes socials<\/strong><br \/>\nA la nostra p\u00e0gina web s\u2019inclouen botons que els usuaris poden utilitzar de manera senzilla i intu\u00eftiva per enlla\u00e7ar i compartir alguns continguts a xarxes socials com Facebook, Twitter, Google+, LinkedIn o Pinterest. Aquesta funcionalitat comporta l\u2019\u00fas de galetes que enllacen amb les p\u00e0gines web d\u2019aquestes xarxes socials, emmagatzemant la informaci\u00f3 nom\u00e9s all\u00e0.<\/p>\n<p><strong>Configuraci\u00f3 de les galetes<\/strong><br \/>\nPot consultar els passos per inhabilitar les galetes a la secci\u00f3 \u00abAjuda\u00bb del navegador: Microsoft Internet Explorer, Google Chrome, Safari, Mozilla Firefox i Opera.<\/p>\n<p>Molts navegadors permeten activar un mode privat mitjan\u00e7ant el qual les galetes s\u2019esborren despr\u00e9s de qualsevol visita a la web. Cada navegador li posa un nom diferent, a aquest mode privat. A continuaci\u00f3, trobar\u00e0 una llista dels navegadors m\u00e9s comuns i els diferents noms d\u2019aquest mode privat:<\/p>\n<ul>\n<li>Internet Explorer 8 i superior \u2013 InPrivate<\/li>\n<li>Microsoft Edge \u2013 InPrivate<\/li>\n<li>Opera 10.5 i superior \u2013 Navegaci\u00f3 Privada<\/li>\n<li>Google Chrome 10 i superior \u2013 Inc\u00f2gnit<\/li>\n<li>Safari 2 i superior \u2013 Navegaci\u00f3 Privada<\/li>\n<li>Firefox 3.5 i superior \u2013 Navegaci\u00f3 Privada<\/li>\n<\/ul>\n<p>A continuaci\u00f3, incloem la relaci\u00f3 de galetes emprades per\u00a0<a href=\"https:\/\/clinicavallcorba.com\/\" target=\"_blank\" rel=\"noopener\"><strong>https:\/\/clinicavallcorba.com<\/strong><\/a><\/p>\n<\/div><table>\n  <thead>\n    <tr>\n      <th>Cookie<\/th>\n      <th>Tipo<\/th>\n      <th>Duraci\u00f3n<\/th>\n      <th>Descripci\u00f3n<\/th>\n    <\/tr>\n  <\/thead>\n  <tbody>\n    <tr>\n      <td data-label=\"Cookie\" class=\"galletas\">devicePixelRatio<\/td>\n      <td data-label=\"Tipo\">Associada al lloc web<\/td>\n      <td data-label=\"Duraci\u00f3n\">Al cap de 7 dies<\/td>\n      <td data-label=\"Descripci\u00f3n\">Permet diferenciar els diferents objectes de seguiment que es creen a la sessi\u00f3..<\/td>\n    <\/tr>\n    <tr>\n      <td data-label=\"Cookie\" class=\"galletas\">wfvt_N\u00fam. aleatori<\/td>\n      <td data-label=\"Tipo\">De tercers<\/td>\n      <td data-label=\"Duraci\u00f3n\">Inmediatament<\/td>\n      <td data-label=\"Descripci\u00f3n\">Prefer\u00e8ncies del blog\n<\/td>\n    <\/tr>\n    <tr>\n      <td data-label=\"Cookie\" class=\"galletas\">wordpress_test_cookie<\/td>\n      <td data-label=\"Tipo\">De tercers<\/td>\n      <td data-label=\"Duraci\u00f3n\">Sessi\u00f3<\/td>\n      <td data-label=\"Descripci\u00f3n\">Aquesta galeta s\u2019usa perqu\u00e8 el gestor de continguts WordPress comprovi si el navegador t\u00e9 les galetes activades\n<\/td>\n    <\/tr>\n    <tr>\n      <td data-label=\"Cookie\" class=\"galletas\">wp-settings-1<\/td>\n      <td data-label=\"Tipo\">De tercers<\/td>\n      <td data-label=\"Duraci\u00f3n\">Al tancar el navegador<\/td>\n      <td data-label=\"Descripci\u00f3n\">Utilitzada per personalitzar la interf\u00edcie d\u2019usuari\n<\/td>\n    <\/tr>\n    <tr>\n      <td data-label=\"Cookie\" class=\"galletas\">wp-settings-time-1<\/td>\n      <td data-label=\"Tipo\">Pr\u00f2pia<\/td>\n      <td data-label=\"Duraci\u00f3n\">1 any<\/td>\n      <td data-label=\"Descripci\u00f3n\">Personalitzar la interf\u00edcie\n<\/td>\n    <\/tr>\n  <\/tbody>\n<\/table><\/div><\/div><\/div><\/div>\n","protected":false},"excerpt":{"rendered":"","protected":false},"author":1,"featured_media":0,"parent":0,"menu_order":0,"comment_status":"closed","ping_status":"closed","template":"100-width.php","meta":{"footnotes":""},"class_list":["post-3618","page","type-page","status-publish","hentry"],"yoast_head":"<!-- This site is optimized with the Yoast SEO plugin v26.7 - https:\/\/yoast.com\/wordpress\/plugins\/seo\/ -->\n<title>Informaci\u00f3 sobre galetes | Cl\u00ednica Vallcorba<\/title>\n<meta name=\"description\" content=\"Aspectes legals com l&#039;av\u00eds legal, pol\u00edtica de privacitat i informaci\u00f3 de les galetes de la p\u00e0gina web de Cl\u00ednica Vallcorba.\" \/>\n<meta name=\"robots\" content=\"index, follow, max-snippet:-1, max-image-preview:large, max-video-preview:-1\" \/>\n<link rel=\"canonical\" href=\"https:\/\/clinicavallcorba.com\/ca\/informacio-sobre-galetes\/\" \/>\n<meta property=\"og:locale\" content=\"ca_ES\" \/>\n<meta property=\"og:type\" content=\"article\" \/>\n<meta property=\"og:title\" content=\"Informaci\u00f3 sobre galetes | Cl\u00ednica Vallcorba\" \/>\n<meta property=\"og:description\" content=\"Aspectes legals com l&#039;av\u00eds legal, pol\u00edtica de privacitat i informaci\u00f3 de les galetes de la p\u00e0gina web de Cl\u00ednica Vallcorba.\" \/>\n<meta property=\"og:url\" content=\"https:\/\/clinicavallcorba.com\/ca\/informacio-sobre-galetes\/\" \/>\n<meta property=\"og:site_name\" content=\"Cl\u00ednica Vallcorba\" \/>\n<meta property=\"article:modified_time\" content=\"2024-01-26T09:19:10+00:00\" \/>\n<meta name=\"twitter:card\" content=\"summary_large_image\" \/>\n<meta name=\"twitter:label1\" content=\"Temps estimat de lectura\" \/>\n\t<meta name=\"twitter:data1\" content=\"3 minuts\" \/>\n<script type=\"application\/ld+json\" class=\"yoast-schema-graph\">{\"@context\":\"https:\/\/schema.org\",\"@graph\":[{\"@type\":\"WebPage\",\"@id\":\"https:\/\/clinicavallcorba.com\/ca\/informacio-sobre-galetes\/\",\"url\":\"https:\/\/clinicavallcorba.com\/ca\/informacio-sobre-galetes\/\",\"name\":\"Informaci\u00f3 sobre galetes | Cl\u00ednica Vallcorba\",\"isPartOf\":{\"@id\":\"https:\/\/clinicavallcorba.com\/ca\/#website\"},\"datePublished\":\"2024-01-19T13:23:23+00:00\",\"dateModified\":\"2024-01-26T09:19:10+00:00\",\"description\":\"Aspectes legals com l'av\u00eds legal, pol\u00edtica de privacitat i informaci\u00f3 de les galetes de la p\u00e0gina web de Cl\u00ednica Vallcorba.\",\"breadcrumb\":{\"@id\":\"https:\/\/clinicavallcorba.com\/ca\/informacio-sobre-galetes\/#breadcrumb\"},\"inLanguage\":\"ca\",\"potentialAction\":[{\"@type\":\"ReadAction\",\"target\":[\"https:\/\/clinicavallcorba.com\/ca\/informacio-sobre-galetes\/\"]}]},{\"@type\":\"BreadcrumbList\",\"@id\":\"https:\/\/clinicavallcorba.com\/ca\/informacio-sobre-galetes\/#breadcrumb\",\"itemListElement\":[{\"@type\":\"ListItem\",\"position\":1,\"name\":\"Inici\",\"item\":\"https:\/\/clinicavallcorba.com\/ca\/\"},{\"@type\":\"ListItem\",\"position\":2,\"name\":\"Informaci\u00f3 sobre galetes\"}]},{\"@type\":\"WebSite\",\"@id\":\"https:\/\/clinicavallcorba.com\/ca\/#website\",\"url\":\"https:\/\/clinicavallcorba.com\/ca\/\",\"name\":\"Cl\u00ednica Vallcorba\",\"description\":\"Cl\u00ednica dental\",\"potentialAction\":[{\"@type\":\"SearchAction\",\"target\":{\"@type\":\"EntryPoint\",\"urlTemplate\":\"https:\/\/clinicavallcorba.com\/ca\/?s={search_term_string}\"},\"query-input\":{\"@type\":\"PropertyValueSpecification\",\"valueRequired\":true,\"valueName\":\"search_term_string\"}}],\"inLanguage\":\"ca\"}]}<\/script>\n<!-- \/ Yoast SEO plugin. -->","yoast_head_json":{"title":"Informaci\u00f3 sobre galetes | Cl\u00ednica Vallcorba","description":"Aspectes legals com l'av\u00eds legal, pol\u00edtica de privacitat i informaci\u00f3 de les galetes de la p\u00e0gina web de Cl\u00ednica Vallcorba.","robots":{"index":"index","follow":"follow","max-snippet":"max-snippet:-1","max-image-preview":"max-image-preview:large","max-video-preview":"max-video-preview:-1"},"canonical":"https:\/\/clinicavallcorba.com\/ca\/informacio-sobre-galetes\/","og_locale":"ca_ES","og_type":"article","og_title":"Informaci\u00f3 sobre galetes | Cl\u00ednica Vallcorba","og_description":"Aspectes legals com l'av\u00eds legal, pol\u00edtica de privacitat i informaci\u00f3 de les galetes de la p\u00e0gina web de Cl\u00ednica Vallcorba.","og_url":"https:\/\/clinicavallcorba.com\/ca\/informacio-sobre-galetes\/","og_site_name":"Cl\u00ednica Vallcorba","article_modified_time":"2024-01-26T09:19:10+00:00","twitter_card":"summary_large_image","twitter_misc":{"Temps estimat de lectura":"3 minuts"},"schema":{"@context":"https:\/\/schema.org","@graph":[{"@type":"WebPage","@id":"https:\/\/clinicavallcorba.com\/ca\/informacio-sobre-galetes\/","url":"https:\/\/clinicavallcorba.com\/ca\/informacio-sobre-galetes\/","name":"Informaci\u00f3 sobre galetes | Cl\u00ednica Vallcorba","isPartOf":{"@id":"https:\/\/clinicavallcorba.com\/ca\/#website"},"datePublished":"2024-01-19T13:23:23+00:00","dateModified":"2024-01-26T09:19:10+00:00","description":"Aspectes legals com l'av\u00eds legal, pol\u00edtica de privacitat i informaci\u00f3 de les galetes de la p\u00e0gina web de Cl\u00ednica Vallcorba.","breadcrumb":{"@id":"https:\/\/clinicavallcorba.com\/ca\/informacio-sobre-galetes\/#breadcrumb"},"inLanguage":"ca","potentialAction":[{"@type":"ReadAction","target":["https:\/\/clinicavallcorba.com\/ca\/informacio-sobre-galetes\/"]}]},{"@type":"BreadcrumbList","@id":"https:\/\/clinicavallcorba.com\/ca\/informacio-sobre-galetes\/#breadcrumb","itemListElement":[{"@type":"ListItem","position":1,"name":"Inici","item":"https:\/\/clinicavallcorba.com\/ca\/"},{"@type":"ListItem","position":2,"name":"Informaci\u00f3 sobre galetes"}]},{"@type":"WebSite","@id":"https:\/\/clinicavallcorba.com\/ca\/#website","url":"https:\/\/clinicavallcorba.com\/ca\/","name":"Cl\u00ednica Vallcorba","description":"Cl\u00ednica dental","potentialAction":[{"@type":"SearchAction","target":{"@type":"EntryPoint","urlTemplate":"https:\/\/clinicavallcorba.com\/ca\/?s={search_term_string}"},"query-input":{"@type":"PropertyValueSpecification","valueRequired":true,"valueName":"search_term_string"}}],"inLanguage":"ca"}]}},"_links":{"self":[{"href":"https:\/\/clinicavallcorba.com\/ca\/wp-json\/wp\/v2\/pages\/3618","targetHints":{"allow":["GET"]}}],"collection":[{"href":"https:\/\/clinicavallcorba.com\/ca\/wp-json\/wp\/v2\/pages"}],"about":[{"href":"https:\/\/clinicavallcorba.com\/ca\/wp-json\/wp\/v2\/types\/page"}],"author":[{"embeddable":true,"href":"https:\/\/clinicavallcorba.com\/ca\/wp-json\/wp\/v2\/users\/1"}],"replies":[{"embeddable":true,"href":"https:\/\/clinicavallcorba.com\/ca\/wp-json\/wp\/v2\/comments?post=3618"}],"version-history":[{"count":0,"href":"https:\/\/clinicavallcorba.com\/ca\/wp-json\/wp\/v2\/pages\/3618\/revisions"}],"wp:attachment":[{"href":"https:\/\/clinicavallcorba.com\/ca\/wp-json\/wp\/v2\/media?parent=3618"}],"curies":[{"name":"wp","href":"https:\/\/api.w.org\/{rel}","templated":true}]}}