{"id":4901,"date":"2024-01-24T13:53:18","date_gmt":"2024-01-24T12:53:18","guid":{"rendered":"https:\/\/clinicavallcorba.com\/colaboracion-de-pacientes-referidos\/"},"modified":"2024-06-20T12:45:20","modified_gmt":"2024-06-20T10:45:20","slug":"collaboracio-de-pacients-referits","status":"publish","type":"page","link":"https:\/\/clinicavallcorba.com\/ca\/collaboracio-de-pacients-referits\/","title":{"rendered":"Sol\u00b7licitud de col\u00b7laboraci\u00f3"},"content":{"rendered":"<div id=\"formulario\" class=\"fusion-container-anchor\"><div class=\"fusion-fullwidth fullwidth-box fusion-builder-row-1 fusion-flex-container has-pattern-background has-mask-background nonhundred-percent-fullwidth non-hundred-percent-height-scrolling\" style=\"--link_hover_color: #d21e36;--link_color: var(--awb-color8);--awb-border-sizes-top:0px;--awb-border-sizes-bottom:0px;--awb-border-sizes-left:0px;--awb-border-sizes-right:0px;--awb-border-color:#d1d1d1;--awb-border-radius-top-left:0px;--awb-border-radius-top-right:0px;--awb-border-radius-bottom-right:0px;--awb-border-radius-bottom-left:0px;--awb-padding-top:50px;--awb-padding-right:30px;--awb-padding-bottom:0px;--awb-padding-left:30px;--awb-padding-top-medium:60px;--awb-padding-bottom-medium:60px;--awb-padding-top-small:20px;--awb-padding-right-small:25px;--awb-padding-bottom-small:25px;--awb-padding-left-small:25px;--awb-margin-top:0px;--awb-margin-bottom:0px;--awb-background-color:#ffffff;--awb-background-image:linear-gradient(180deg, var(--awb-color1) 0%,rgba(255,255,255,0) 100%);--awb-flex-wrap:wrap;\" ><div class=\"fusion-builder-row fusion-row fusion-flex-align-items-stretch fusion-flex-content-wrap\" style=\"max-width:1300px;margin-left: calc(-4% \/ 2 );margin-right: calc(-4% \/ 2 );\"><div class=\"fusion-layout-column fusion_builder_column fusion-builder-column-0 fusion_builder_column_1_3 1_3 fusion-flex-column fusion-flex-align-self-flex-start fusion-animated\" style=\"--awb-padding-right-small:25px;--awb-padding-left-small:25px;--awb-bg-size:cover;--awb-width-large:33.333333333333%;--awb-margin-top-large:0px;--awb-spacing-right-large:14.4%;--awb-margin-bottom-large:100px;--awb-spacing-left-large:5.76%;--awb-width-medium:50%;--awb-order-medium:0;--awb-spacing-right-medium:9.6%;--awb-margin-bottom-medium:60px;--awb-spacing-left-medium:3.84%;--awb-width-small:100%;--awb-order-small:0;--awb-spacing-right-small:1.92%;--awb-spacing-left-small:1.92%;\" data-animationType=\"fadeInLeft\" data-animationDuration=\"1.3\" data-animationOffset=\"top-into-view\" data-scroll-devices=\"small-visibility,medium-visibility,large-visibility\"><div class=\"fusion-column-wrapper fusion-column-has-shadow fusion-flex-justify-content-flex-start fusion-content-layout-column\"><div class=\"fusion-image-element \" style=\"text-align:left;--awb-margin-top:50px;--awb-margin-left:-30px;--awb-caption-title-font-family:var(--h2_typography-font-family);--awb-caption-title-font-weight:var(--h2_typography-font-weight);--awb-caption-title-font-style:var(--h2_typography-font-style);--awb-caption-title-size:var(--h2_typography-font-size);--awb-caption-title-transform:var(--h2_typography-text-transform);--awb-caption-title-line-height:var(--h2_typography-line-height);--awb-caption-title-letter-spacing:var(--h2_typography-letter-spacing);\"><span class=\" fusion-imageframe imageframe-none imageframe-1 hover-type-none\"><img decoding=\"async\" width=\"116\" height=\"30\" alt=\"Cl\u00ednica Vallcorba\" title=\"Cl\u00ednica Vallcorba\" src=\"https:\/\/clinicavallcorba.com\/wp-content\/uploads\/raya-vallcorba.png\" class=\"img-responsive wp-image-2545\"\/><\/span><\/div><div class=\"fusion-title title fusion-title-1 fusion-sep-none fusion-title-text fusion-title-size-div\" style=\"--awb-text-color:var(--awb-color8);--awb-margin-bottom:0px;--awb-sep-color:#d1d1d1;--awb-font-size:var(--awb-custom_typography_2-font-size);\"><div class=\"fusion-title-heading title-heading-left title-heading-tag fusion-responsive-typography-calculated\" style=\"font-family:var(--awb-custom_typography_2-font-family);font-weight:var(--awb-custom_typography_2-font-weight);font-style:var(--awb-custom_typography_2-font-style);margin:0;letter-spacing:var(--awb-custom_typography_2-letter-spacing);text-transform:var(--awb-custom_typography_2-text-transform);font-size:1em;--fontSize:21;--minFontSize:21;line-height:var(--awb-custom_typography_2-line-height);\">Col\u00b7laboraci\u00f3 professional<\/div><\/div><div class=\"fusion-title title fusion-title-2 fusion-sep-none fusion-title-text fusion-title-size-two\" style=\"--awb-text-color:var(--awb-color5);--awb-margin-bottom:30px;--awb-sep-color:#d1d1d1;--awb-font-size:var(--awb-custom_typography_1-font-size);\"><h2 class=\"fusion-title-heading title-heading-left fusion-responsive-typography-calculated\" style=\"font-family:var(--awb-custom_typography_1-font-family);font-weight:var(--awb-custom_typography_1-font-weight);font-style:var(--awb-custom_typography_1-font-style);margin:0;letter-spacing:var(--awb-custom_typography_1-letter-spacing);text-transform:var(--awb-custom_typography_1-text-transform);font-size:1em;--fontSize:31;line-height:var(--awb-custom_typography_1-line-height);\">Pacients referits per professionals<\/h2><\/div><div class=\"fusion-text fusion-text-1 fusion-text-no-margin\" style=\"--awb-content-alignment:justify;--awb-text-transform:var(--awb-typography4-text-transform);--awb-text-color:var(--awb-color5);\"><p>La Cl\u00ednica Vallcorba treballa amb pacients referits per professionals realitzant tractament de patologies periodontals, patologia m\u00e8dica bucal o fase quir\u00fargica de tractaments amb implants.<\/p>\n<p>Com gestionar la col\u00b7laboraci\u00f3 professional? Si us plau, <strong>empleni el formulari i ens posarem en contacte amb vost\u00e8 al m\u00e9s aviat possible.<\/strong><\/p>\n<\/div><\/div><\/div><div class=\"fusion-layout-column fusion_builder_column fusion-builder-column-1 fusion_builder_column_2_3 2_3 fusion-flex-column fusion-animated\" style=\"--awb-padding-top:50px;--awb-padding-top-small:20px;--awb-bg-size:cover;--awb-width-large:66.666666666667%;--awb-margin-top-large:0px;--awb-spacing-right-large:2.88%;--awb-margin-bottom-large:75px;--awb-spacing-left-large:5.76%;--awb-width-medium:50%;--awb-order-medium:1;--awb-spacing-right-medium:3.84%;--awb-spacing-left-medium:7.68%;--awb-width-small:100%;--awb-order-small:0;--awb-spacing-right-small:0px;--awb-margin-bottom-small:36px;--awb-spacing-left-small:0px;\" data-animationType=\"fadeIn\" data-animationDuration=\"1.3\" data-animationOffset=\"top-into-view\" data-scroll-devices=\"small-visibility,medium-visibility,large-visibility\"><div class=\"fusion-column-wrapper fusion-column-has-shadow fusion-flex-justify-content-flex-start fusion-content-layout-column\"><div class=\"fusion-form fusion-form-builder fusion-form-form-wrapper fusion-form-3654 has-icon-alignment\" style=\"--awb-tooltip-text-color:var(--awb-color5);--awb-tooltip-background-color:var(--awb-color8);--awb-field-margin-top:0px;--awb-field-margin-bottom:30px;--awb-form-input-height:40px;--awb-form-bg-color:hsla(var(--awb-color1-h),var(--awb-color1-s),var(--awb-color1-l),calc(var(--awb-color1-a) - 100%));--awb-form-select-bg:var(--awb-color1);--awb-form-font-size:18px;--awb-form-placeholder-color:#494949;--awb-form-text-color:var(--awb-color5);--awb-form-label-color:var(--awb-color5);--awb-form-border-width-top:0px;--awb-form-border-width-bottom:1px;--awb-form-border-width-right:0px;--awb-form-border-width-left:0px;--awb-form-border-color:#bbb5aa;--awb-form-focus-border-color:var(--awb-color7);--awb-form-focus-border-hover-color:hsla(var(--awb-color7-h),var(--awb-color7-s),var(--awb-color7-l),calc(var(--awb-color7-a) - 50%));--awb-form-border-radius:1px;--awb-icon-alignment-top:0px;--awb-icon-alignment-bottom:1px;--awb-icon-alignment-font-size:18px;\" data-form-id=\"3654\" data-config=\"{&quot;form_id&quot;:3654,&quot;form_post_id&quot;:3654,&quot;post_id&quot;:4901,&quot;form_type&quot;:&quot;ajax&quot;,&quot;confirmation_type&quot;:&quot;message&quot;,&quot;redirect_url&quot;:&quot;&quot;,&quot;field_labels&quot;:{&quot;nombre&quot;:&quot;&quot;,&quot;email&quot;:&quot;&quot;,&quot;phone&quot;:&quot;&quot;,&quot;message&quot;:&quot;&quot;,&quot;acepto&quot;:&quot;&quot;},&quot;field_logics&quot;:{&quot;nombre&quot;:&quot;&quot;,&quot;email&quot;:&quot;&quot;,&quot;phone&quot;:&quot;&quot;,&quot;message&quot;:&quot;&quot;,&quot;acepto&quot;:&quot;&quot;,&quot;notice_1&quot;:&quot;&quot;,&quot;submit_1&quot;:&quot;&quot;},&quot;field_types&quot;:{&quot;nombre&quot;:&quot;text&quot;,&quot;email&quot;:&quot;email&quot;,&quot;phone&quot;:&quot;phone_number&quot;,&quot;hypot_field&quot;:&quot;honeypot&quot;,&quot;message&quot;:&quot;textarea&quot;,&quot;acepto&quot;:&quot;consent&quot;,&quot;turnstile_1&quot;:&quot;turnstile&quot;,&quot;notice_1&quot;:&quot;notice&quot;,&quot;submit_1&quot;:&quot;submit&quot;},&quot;nonce_method&quot;:&quot;ajax&quot;,&quot;form_views&quot;:&quot;&quot;,&quot;form_views_counting&quot;:&quot;&quot;}\"><form action=\"https:\/\/clinicavallcorba.com\/ca\/collaboracio-de-pacients-referits\/\" method=\"post\" class=\"fusion-form fusion-form-3654\"><div class=\"fusion-fullwidth fullwidth-box fusion-builder-row-1-1 fusion-flex-container nonhundred-percent-fullwidth non-hundred-percent-height-scrolling\" style=\"--awb-border-sizes-top:0px;--awb-border-sizes-bottom:0px;--awb-border-sizes-left:0px;--awb-border-sizes-right:0px;--awb-border-radius-top-left:0px;--awb-border-radius-top-right:0px;--awb-border-radius-bottom-right:0px;--awb-border-radius-bottom-left:0px;--awb-margin-top:0px;--awb-margin-bottom:0px;--awb-flex-wrap:wrap;\" ><div class=\"fusion-builder-row fusion-row fusion-flex-align-items-flex-start fusion-flex-content-wrap\" style=\"width:103% !important;max-width:103% !important;margin-left: calc(-3% \/ 2 );margin-right: calc(-3% \/ 2 );\"><div class=\"fusion-layout-column fusion_builder_column fusion-builder-column-2 fusion_builder_column_1_3 1_3 fusion-flex-column\" style=\"--awb-bg-size:cover;--awb-width-large:33.333333333333%;--awb-flex-grow:0;--awb-flex-shrink:0;--awb-margin-top-large:0px;--awb-spacing-right-large:5.82%;--awb-margin-bottom-large:0px;--awb-spacing-left-large:4.365%;--awb-width-medium:33.333333333333%;--awb-order-medium:0;--awb-flex-grow-medium:0;--awb-flex-shrink-medium:0;--awb-spacing-right-medium:5.82%;--awb-spacing-left-medium:4.365%;--awb-width-small:100%;--awb-order-small:0;--awb-flex-grow-small:0;--awb-flex-shrink-small:0;--awb-spacing-right-small:1.455%;--awb-spacing-left-small:1.455%;\"><div class=\"fusion-column-wrapper fusion-column-has-shadow fusion-flex-justify-content-flex-start fusion-content-layout-column\"><div class=\"fusion-text fusion-text-2 fusion-text-no-margin\" style=\"--awb-text-transform:var(--awb-typography1-text-transform);--awb-text-color:var(--awb-color5);--awb-margin-bottom:0px;\"><p>Nom<\/p>\n<\/div><div class=\"fusion-form-field fusion-form-text-field fusion-form-label-above\" style=\"\" data-form-id=\"3654\"><input type=\"text\" autocomplete=\"off\" name=\"nombre\" id=\"nombre\" value=\"\"  class=\"fusion-form-input\" data-holds-private-data=\"false\" minlength=\"0\"\/><\/div><\/div><\/div><div class=\"fusion-layout-column fusion_builder_column fusion-builder-column-3 fusion_builder_column_1_3 1_3 fusion-flex-column\" style=\"--awb-bg-size:cover;--awb-width-large:33.333333333333%;--awb-flex-grow:0;--awb-flex-shrink:0;--awb-margin-top-large:0px;--awb-spacing-right-large:4.365%;--awb-margin-bottom-large:0px;--awb-spacing-left-large:5.82%;--awb-width-medium:33.333333333333%;--awb-order-medium:0;--awb-flex-grow-medium:0;--awb-flex-shrink-medium:0;--awb-spacing-right-medium:4.365%;--awb-spacing-left-medium:5.82%;--awb-width-small:100%;--awb-order-small:0;--awb-flex-grow-small:0;--awb-flex-shrink-small:0;--awb-spacing-right-small:1.455%;--awb-spacing-left-small:1.455%;\"><div class=\"fusion-column-wrapper fusion-column-has-shadow fusion-flex-justify-content-flex-start fusion-content-layout-column\"><div class=\"fusion-text fusion-text-3 fusion-text-no-margin\" style=\"--awb-text-transform:var(--awb-typography1-text-transform);--awb-text-color:var(--awb-color5);--awb-margin-bottom:0px;\"><p>Email<\/p>\n<\/div><div class=\"fusion-form-field fusion-form-email-field fusion-form-label-above\" style=\"\" data-form-id=\"3654\"><input type=\"email\" autocomplete=\"off\" name=\"email\" id=\"email\" value=\"\"  class=\"fusion-form-input\" required=\"true\" aria-required=\"true\" data-holds-private-data=\"false\"\/><\/div><\/div><\/div><div class=\"fusion-layout-column fusion_builder_column fusion-builder-column-4 fusion_builder_column_1_3 1_3 fusion-flex-column\" style=\"--awb-bg-size:cover;--awb-width-large:33.333333333333%;--awb-flex-grow:0;--awb-flex-shrink:0;--awb-margin-top-large:0px;--awb-spacing-right-large:5.82%;--awb-margin-bottom-large:0px;--awb-spacing-left-large:4.365%;--awb-width-medium:33.333333333333%;--awb-order-medium:0;--awb-flex-grow-medium:0;--awb-flex-shrink-medium:0;--awb-spacing-right-medium:5.82%;--awb-spacing-left-medium:4.365%;--awb-width-small:100%;--awb-order-small:0;--awb-flex-grow-small:0;--awb-flex-shrink-small:0;--awb-spacing-right-small:1.455%;--awb-spacing-left-small:1.455%;\"><div class=\"fusion-column-wrapper fusion-column-has-shadow fusion-flex-justify-content-flex-start fusion-content-layout-column\"><div class=\"fusion-text fusion-text-4 fusion-text-no-margin\" style=\"--awb-text-transform:var(--awb-typography1-text-transform);--awb-text-color:var(--awb-color5);--awb-margin-bottom:0px;\"><p>Tel\u00e8fon<\/p>\n<\/div><div class=\"fusion-form-field fusion-form-phone-number-field fusion-form-label-above\" style=\"\" data-form-id=\"3654\"><input type=\"tel\" autocomplete=\"off\" name=\"phone\" id=\"phone\" value=\"\"  class=\"fusion-form-input\" required=\"true\" aria-required=\"true\" data-holds-private-data=\"false\"\/><\/div><\/div><\/div><div class=\"fusion-layout-column fusion_builder_column fusion-builder-column-5 fusion_builder_column_1_1 1_1 fusion-flex-column\" style=\"--awb-bg-size:cover;--awb-width-large:100%;--awb-flex-grow:0;--awb-flex-shrink:0;--awb-margin-top-large:0px;--awb-spacing-right-large:1.455%;--awb-margin-bottom-large:0px;--awb-spacing-left-large:1.455%;--awb-width-medium:100%;--awb-order-medium:0;--awb-flex-grow-medium:0;--awb-flex-shrink-medium:0;--awb-spacing-right-medium:1.455%;--awb-spacing-left-medium:1.455%;--awb-width-small:100%;--awb-order-small:0;--awb-flex-grow-small:0;--awb-flex-shrink-small:0;--awb-spacing-right-small:1.455%;--awb-spacing-left-small:1.455%;\"><div class=\"fusion-column-wrapper fusion-column-has-shadow fusion-flex-justify-content-flex-start fusion-content-layout-column\"><div class=\"fusion-text fusion-text-5 fusion-text-no-margin\" style=\"--awb-text-transform:var(--awb-typography1-text-transform);--awb-text-color:var(--awb-color5);--awb-margin-bottom:-10px;\"><p>Com podem ajudar-lo?<\/p>\n<\/div>\n<div class=\"fusion-form-field fusion-form-honeypot-field fusion-form-label-above\" style=\"\" data-form-id=\"3654\"><input type=\"hidden\" tabindex=\"-1\" name=\"hypot_field\" class=\"fusion-form-input\" autocomplete=\"hypot-69f4a9d27e60c\" aria-hidden=\"true\" data-fusion-is-honeypot=\"true\"><\/div><div class=\"fusion-form-field fusion-form-textarea-field fusion-form-label-above\" style=\"\" data-form-id=\"3654\"><textarea cols=\"40\" autocomplete=\"off\"  minlength=\"0\"  rows=\"4\" tabindex=\"\" id=\"message\" name=\"message\" class=\"fusion-form-input\" data-holds-private-data=\"false\"><\/textarea><\/div><div class=\"fusion-form-field fusion-form-consent-field fusion-form-label-above\" style=\"\" data-form-id=\"3654\"><div class=\"fusion-form-checkbox option-inline\"><input tabindex=\"\" id=\"acepto\" type=\"checkbox\" value=\"1\" name=\"acepto\" class=\"fusion-form-input\" required=\"true\" aria-required=\"true\"\/><label for=\"acepto\">He llegit i accepto <a href=\"https:\/\/clinicavallcorba.com\/ca\/avis-legal\/\">av\u00eds legal<\/a> i la <a href=\"https:\/\/clinicavallcorba.com\/ca\/politica-de-privacitat\/\">pol\u00edtica de privacitat<\/a><\/label><\/div><\/div><div class=\"fusion-form-field fusion-form-turnstile-field fusion-form-label-above\" style=\"\" data-form-id=\"3654\"><div class=\"awb-forms-turnstile cf-turnstile\" data-response-field-name=\"cf-turnstile-response-1\" data-sitekey=\"0x4AAAAAAB0ci7Vwaz1bJSwJ\" data-appearance=\"always\" data-theme=\"auto\" data-size=\"normal\" data-language=\"auto\"><\/div><\/div><div class=\"form-submission-notices data-notice_1\" id=\"fusion-notices-1\"><div class=\"fusion-alert alert success alert-success fusion-alert-center fusion-form-response fusion-form-response-success awb-alert-native-link-color alert-dismissable awb-alert-close-boxed\" role=\"alert\"><div class=\"fusion-alert-content-wrapper\"><span class=\"alert-icon\"><i class=\"awb-icon-check-circle\" aria-hidden=\"true\"><\/i><\/span><span class=\"fusion-alert-content\">Gr\u00e0cies pel seu missatge. S'ha enviat correctament.<\/span><\/div><button type=\"button\" class=\"close toggle-alert\" data-dismiss=\"alert\" aria-label=\"Close\">&times;<\/button><\/div><div class=\"fusion-alert alert error alert-danger fusion-alert-center fusion-form-response fusion-form-response-error awb-alert-native-link-color alert-dismissable awb-alert-close-boxed\" role=\"alert\"><div class=\"fusion-alert-content-wrapper\"><span class=\"alert-icon\"><i class=\"awb-icon-exclamation-triangle\" aria-hidden=\"true\"><\/i><\/span><span class=\"fusion-alert-content\">S'ha produ\u00eft un error en l'enviament del seu missatge. Si us plau, provi-ho de nou m\u00e9s tard.<\/span><\/div><button type=\"button\" class=\"close toggle-alert\" data-dismiss=\"alert\" aria-label=\"Close\">&times;<\/button><\/div><\/div><div class=\"fusion-form-field fusion-form-submit-field fusion-form-label-above\" style=\"\" data-form-id=\"3654\"><div ><button type=\"submit\" class=\"fusion-button button-flat fusion-button-default-size button-default fusion-button-default button-1 fusion-button-default-span  button-default form-form-submit\" style=\"--button_margin-bottom:0px;\" data-form-number=\"3654\" tabindex=\"\"><span class=\"fusion-button-text awb-button__text awb-button__text--default\">Enviar<\/span><\/button><\/div><\/div><\/div><\/div><\/div><\/div><input type=\"hidden\" name=\"fusion_privacy_store_ip_ua\" value=\"false\"><input type=\"hidden\" name=\"fusion_privacy_expiration_interval\" value=\"48\"><input type=\"hidden\" name=\"privacy_expiration_action\" value=\"anonymize\"><\/form><\/div><\/div><\/div><\/div><\/div><\/div>\n","protected":false},"excerpt":{"rendered":"","protected":false},"author":1,"featured_media":0,"parent":0,"menu_order":0,"comment_status":"closed","ping_status":"closed","template":"100-width.php","meta":{"footnotes":""},"class_list":["post-4901","page","type-page","status-publish","hentry"],"yoast_head":"<!-- This site is optimized with the Yoast SEO plugin v26.7 - https:\/\/yoast.com\/wordpress\/plugins\/seo\/ -->\n<title>Col\u00b7laboraci\u00f3 professional de pacients referits. Sol\u00b7licitud opini\u00f3 especialista<\/title>\n<meta name=\"description\" content=\"Informaci\u00f3 si desitges establir una col\u00b7laboraci\u00f3 professional m\u00e8dic-dentista i referir-nos pacients perqu\u00e8 et donem la nostra opini\u00f3 especialista en malalties dentals.\" \/>\n<meta name=\"robots\" content=\"index, follow, max-snippet:-1, max-image-preview:large, max-video-preview:-1\" \/>\n<link rel=\"canonical\" href=\"https:\/\/clinicavallcorba.com\/ca\/collaboracio-de-pacients-referits\/\" \/>\n<meta property=\"og:locale\" content=\"ca_ES\" \/>\n<meta property=\"og:type\" content=\"article\" \/>\n<meta property=\"og:title\" content=\"Col\u00b7laboraci\u00f3 professional de pacients referits. Sol\u00b7licitud opini\u00f3 especialista\" \/>\n<meta property=\"og:description\" content=\"Informaci\u00f3 si desitges establir una col\u00b7laboraci\u00f3 professional m\u00e8dic-dentista i referir-nos pacients perqu\u00e8 et donem la nostra opini\u00f3 especialista en malalties dentals.\" \/>\n<meta property=\"og:url\" content=\"https:\/\/clinicavallcorba.com\/ca\/collaboracio-de-pacients-referits\/\" \/>\n<meta property=\"og:site_name\" content=\"Cl\u00ednica Vallcorba\" \/>\n<meta property=\"article:modified_time\" content=\"2024-06-20T10:45:20+00:00\" \/>\n<meta name=\"twitter:card\" content=\"summary_large_image\" \/>\n<meta name=\"twitter:label1\" content=\"Temps estimat de lectura\" \/>\n\t<meta name=\"twitter:data1\" content=\"1 minut\" \/>\n<script type=\"application\/ld+json\" class=\"yoast-schema-graph\">{\"@context\":\"https:\/\/schema.org\",\"@graph\":[{\"@type\":\"WebPage\",\"@id\":\"https:\/\/clinicavallcorba.com\/ca\/collaboracio-de-pacients-referits\/\",\"url\":\"https:\/\/clinicavallcorba.com\/ca\/collaboracio-de-pacients-referits\/\",\"name\":\"Col\u00b7laboraci\u00f3 professional de pacients referits. Sol\u00b7licitud opini\u00f3 especialista\",\"isPartOf\":{\"@id\":\"https:\/\/clinicavallcorba.com\/ca\/#website\"},\"datePublished\":\"2024-01-24T12:53:18+00:00\",\"dateModified\":\"2024-06-20T10:45:20+00:00\",\"description\":\"Informaci\u00f3 si desitges establir una col\u00b7laboraci\u00f3 professional m\u00e8dic-dentista i referir-nos pacients perqu\u00e8 et donem la nostra opini\u00f3 especialista en malalties dentals.\",\"breadcrumb\":{\"@id\":\"https:\/\/clinicavallcorba.com\/ca\/collaboracio-de-pacients-referits\/#breadcrumb\"},\"inLanguage\":\"ca\",\"potentialAction\":[{\"@type\":\"ReadAction\",\"target\":[\"https:\/\/clinicavallcorba.com\/ca\/collaboracio-de-pacients-referits\/\"]}]},{\"@type\":\"BreadcrumbList\",\"@id\":\"https:\/\/clinicavallcorba.com\/ca\/collaboracio-de-pacients-referits\/#breadcrumb\",\"itemListElement\":[{\"@type\":\"ListItem\",\"position\":1,\"name\":\"Inici\",\"item\":\"https:\/\/clinicavallcorba.com\/ca\/\"},{\"@type\":\"ListItem\",\"position\":2,\"name\":\"Sol\u00b7licitud de col\u00b7laboraci\u00f3\"}]},{\"@type\":\"WebSite\",\"@id\":\"https:\/\/clinicavallcorba.com\/ca\/#website\",\"url\":\"https:\/\/clinicavallcorba.com\/ca\/\",\"name\":\"Cl\u00ednica Vallcorba\",\"description\":\"Cl\u00ednica dental\",\"potentialAction\":[{\"@type\":\"SearchAction\",\"target\":{\"@type\":\"EntryPoint\",\"urlTemplate\":\"https:\/\/clinicavallcorba.com\/ca\/?s={search_term_string}\"},\"query-input\":{\"@type\":\"PropertyValueSpecification\",\"valueRequired\":true,\"valueName\":\"search_term_string\"}}],\"inLanguage\":\"ca\"}]}<\/script>\n<!-- \/ Yoast SEO plugin. -->","yoast_head_json":{"title":"Col\u00b7laboraci\u00f3 professional de pacients referits. Sol\u00b7licitud opini\u00f3 especialista","description":"Informaci\u00f3 si desitges establir una col\u00b7laboraci\u00f3 professional m\u00e8dic-dentista i referir-nos pacients perqu\u00e8 et donem la nostra opini\u00f3 especialista en malalties dentals.","robots":{"index":"index","follow":"follow","max-snippet":"max-snippet:-1","max-image-preview":"max-image-preview:large","max-video-preview":"max-video-preview:-1"},"canonical":"https:\/\/clinicavallcorba.com\/ca\/collaboracio-de-pacients-referits\/","og_locale":"ca_ES","og_type":"article","og_title":"Col\u00b7laboraci\u00f3 professional de pacients referits. Sol\u00b7licitud opini\u00f3 especialista","og_description":"Informaci\u00f3 si desitges establir una col\u00b7laboraci\u00f3 professional m\u00e8dic-dentista i referir-nos pacients perqu\u00e8 et donem la nostra opini\u00f3 especialista en malalties dentals.","og_url":"https:\/\/clinicavallcorba.com\/ca\/collaboracio-de-pacients-referits\/","og_site_name":"Cl\u00ednica Vallcorba","article_modified_time":"2024-06-20T10:45:20+00:00","twitter_card":"summary_large_image","twitter_misc":{"Temps estimat de lectura":"1 minut"},"schema":{"@context":"https:\/\/schema.org","@graph":[{"@type":"WebPage","@id":"https:\/\/clinicavallcorba.com\/ca\/collaboracio-de-pacients-referits\/","url":"https:\/\/clinicavallcorba.com\/ca\/collaboracio-de-pacients-referits\/","name":"Col\u00b7laboraci\u00f3 professional de pacients referits. Sol\u00b7licitud opini\u00f3 especialista","isPartOf":{"@id":"https:\/\/clinicavallcorba.com\/ca\/#website"},"datePublished":"2024-01-24T12:53:18+00:00","dateModified":"2024-06-20T10:45:20+00:00","description":"Informaci\u00f3 si desitges establir una col\u00b7laboraci\u00f3 professional m\u00e8dic-dentista i referir-nos pacients perqu\u00e8 et donem la nostra opini\u00f3 especialista en malalties dentals.","breadcrumb":{"@id":"https:\/\/clinicavallcorba.com\/ca\/collaboracio-de-pacients-referits\/#breadcrumb"},"inLanguage":"ca","potentialAction":[{"@type":"ReadAction","target":["https:\/\/clinicavallcorba.com\/ca\/collaboracio-de-pacients-referits\/"]}]},{"@type":"BreadcrumbList","@id":"https:\/\/clinicavallcorba.com\/ca\/collaboracio-de-pacients-referits\/#breadcrumb","itemListElement":[{"@type":"ListItem","position":1,"name":"Inici","item":"https:\/\/clinicavallcorba.com\/ca\/"},{"@type":"ListItem","position":2,"name":"Sol\u00b7licitud de col\u00b7laboraci\u00f3"}]},{"@type":"WebSite","@id":"https:\/\/clinicavallcorba.com\/ca\/#website","url":"https:\/\/clinicavallcorba.com\/ca\/","name":"Cl\u00ednica Vallcorba","description":"Cl\u00ednica dental","potentialAction":[{"@type":"SearchAction","target":{"@type":"EntryPoint","urlTemplate":"https:\/\/clinicavallcorba.com\/ca\/?s={search_term_string}"},"query-input":{"@type":"PropertyValueSpecification","valueRequired":true,"valueName":"search_term_string"}}],"inLanguage":"ca"}]}},"_links":{"self":[{"href":"https:\/\/clinicavallcorba.com\/ca\/wp-json\/wp\/v2\/pages\/4901","targetHints":{"allow":["GET"]}}],"collection":[{"href":"https:\/\/clinicavallcorba.com\/ca\/wp-json\/wp\/v2\/pages"}],"about":[{"href":"https:\/\/clinicavallcorba.com\/ca\/wp-json\/wp\/v2\/types\/page"}],"author":[{"embeddable":true,"href":"https:\/\/clinicavallcorba.com\/ca\/wp-json\/wp\/v2\/users\/1"}],"replies":[{"embeddable":true,"href":"https:\/\/clinicavallcorba.com\/ca\/wp-json\/wp\/v2\/comments?post=4901"}],"version-history":[{"count":1,"href":"https:\/\/clinicavallcorba.com\/ca\/wp-json\/wp\/v2\/pages\/4901\/revisions"}],"predecessor-version":[{"id":5389,"href":"https:\/\/clinicavallcorba.com\/ca\/wp-json\/wp\/v2\/pages\/4901\/revisions\/5389"}],"wp:attachment":[{"href":"https:\/\/clinicavallcorba.com\/ca\/wp-json\/wp\/v2\/media?parent=4901"}],"curies":[{"name":"wp","href":"https:\/\/api.w.org\/{rel}","templated":true}]}}