{"id":7418,"date":"2026-03-18T09:27:25","date_gmt":"2026-03-18T08:27:25","guid":{"rendered":"https:\/\/clinicavallcorba.com\/?page_id=7418"},"modified":"2026-03-18T09:40:37","modified_gmt":"2026-03-18T08:40:37","slug":"politica-de-privacitat","status":"publish","type":"page","link":"https:\/\/clinicavallcorba.com\/ca\/politica-de-privacitat\/","title":{"rendered":"Pol\u00edtica de privacitat"},"content":{"rendered":"<div class=\"fusion-fullwidth fullwidth-box fusion-builder-row-1 fusion-flex-container has-pattern-background has-mask-background nonhundred-percent-fullwidth non-hundred-percent-height-scrolling\" style=\"--link_hover_color: var(--awb-color7);--link_color: var(--awb-color8);--awb-border-sizes-top:0px;--awb-border-sizes-bottom:0px;--awb-border-sizes-left:0px;--awb-border-sizes-right:0px;--awb-border-color:#d1d1d1;--awb-border-radius-top-left:0px;--awb-border-radius-top-right:0px;--awb-border-radius-bottom-right:0px;--awb-border-radius-bottom-left:0px;--awb-padding-top:50px;--awb-padding-right:30px;--awb-padding-bottom:50px;--awb-padding-left:30px;--awb-padding-top-medium:60px;--awb-padding-bottom-medium:60px;--awb-padding-top-small:20px;--awb-padding-right-small:50px;--awb-padding-bottom-small:20px;--awb-padding-left-small:50px;--awb-margin-top:0px;--awb-margin-bottom:0px;--awb-background-color:#ffffff;--awb-background-image:linear-gradient(180deg, var(--awb-color1) 0%,rgba(255,255,255,0) 100%);--awb-flex-wrap:wrap;\" ><div class=\"fusion-builder-row fusion-row fusion-flex-align-items-center fusion-flex-content-wrap\" style=\"max-width:1300px;margin-left: calc(-4% \/ 2 );margin-right: calc(-4% \/ 2 );\"><div class=\"fusion-layout-column fusion_builder_column fusion-builder-column-0 fusion_builder_column_3_5 3_5 fusion-flex-column fusion-flex-align-self-stretch fusion-animated\" style=\"--awb-bg-size:cover;--awb-width-large:60%;--awb-margin-top-large:0px;--awb-spacing-right-large:8%;--awb-margin-bottom-large:0px;--awb-spacing-left-large:3.2%;--awb-width-medium:50%;--awb-order-medium:0;--awb-spacing-right-medium:9.6%;--awb-margin-bottom-medium:60px;--awb-spacing-left-medium:3.84%;--awb-width-small:100%;--awb-order-small:0;--awb-spacing-right-small:1.92%;--awb-spacing-left-small:1.92%;\" data-animationType=\"fadeInLeft\" data-animationDuration=\"1.3\" data-animationOffset=\"top-into-view\" data-scroll-devices=\"small-visibility,medium-visibility,large-visibility\"><div class=\"fusion-column-wrapper fusion-column-has-shadow fusion-flex-justify-content-flex-end fusion-content-layout-column\"><div class=\"fusion-image-element \" style=\"text-align:left;--awb-margin-top:50px;--awb-margin-left:-30px;--awb-caption-title-font-family:var(--h2_typography-font-family);--awb-caption-title-font-weight:var(--h2_typography-font-weight);--awb-caption-title-font-style:var(--h2_typography-font-style);--awb-caption-title-size:var(--h2_typography-font-size);--awb-caption-title-transform:var(--h2_typography-text-transform);--awb-caption-title-line-height:var(--h2_typography-line-height);--awb-caption-title-letter-spacing:var(--h2_typography-letter-spacing);\"><span class=\" fusion-imageframe imageframe-none imageframe-1 hover-type-none\"><img decoding=\"async\" width=\"116\" height=\"30\" alt=\"Cl\u00ednica Vallcorba\" title=\"Cl\u00ednica Vallcorba\" src=\"https:\/\/clinicavallcorba.com\/wp-content\/uploads\/raya-vallcorba.png\" class=\"img-responsive wp-image-2545\"\/><\/span><\/div><div class=\"fusion-title title fusion-title-1 fusion-sep-none fusion-title-text fusion-title-size-div\" style=\"--awb-text-color:var(--awb-color8);--awb-margin-bottom:0px;--awb-sep-color:#d1d1d1;--awb-font-size:var(--awb-custom_typography_2-font-size);\"><div class=\"fusion-title-heading title-heading-left title-heading-tag fusion-responsive-typography-calculated\" style=\"font-family:var(--awb-custom_typography_2-font-family);font-weight:var(--awb-custom_typography_2-font-weight);font-style:var(--awb-custom_typography_2-font-style);margin:0;letter-spacing:var(--awb-custom_typography_2-letter-spacing);text-transform:var(--awb-custom_typography_2-text-transform);font-size:1em;--fontSize:21;--minFontSize:21;line-height:var(--awb-custom_typography_2-line-height);\">Aspectes legals<\/div><\/div><div class=\"fusion-title title fusion-title-2 fusion-sep-none fusion-title-text fusion-title-size-div tituloh1\" style=\"--awb-text-color:var(--awb-color5);--awb-margin-bottom:30px;--awb-sep-color:#d1d1d1;--awb-font-size:var(--awb-typography2-font-size);\"><div class=\"fusion-title-heading title-heading-left title-heading-tag fusion-responsive-typography-calculated\" style=\"font-family:var(--awb-typography2-font-family);font-weight:var(--awb-typography2-font-weight);font-style:var(--awb-typography2-font-style);margin:0;letter-spacing:var(--awb-typography2-letter-spacing);text-transform:var(--awb-typography2-text-transform);font-size:1em;--fontSize:34;line-height:var(--awb-typography2-line-height);\">Pol\u00edtica de privacitat<\/div><\/div><\/div><\/div><div class=\"fusion-layout-column fusion_builder_column fusion-builder-column-1 fusion_builder_column_2_5 2_5 fusion-flex-column fusion-flex-align-self-stretch fusion-animated\" style=\"--awb-bg-size:cover;--awb-width-large:40%;--awb-margin-top-large:0px;--awb-spacing-right-large:4.8%;--awb-margin-bottom-large:0px;--awb-spacing-left-large:9.6%;--awb-width-medium:50%;--awb-order-medium:1;--awb-spacing-right-medium:3.84%;--awb-spacing-left-medium:7.68%;--awb-width-small:100%;--awb-order-small:0;--awb-spacing-right-small:1.92%;--awb-margin-bottom-small:36px;--awb-spacing-left-small:1.92%;\" data-animationType=\"fadeIn\" data-animationDuration=\"1.3\" data-animationOffset=\"top-into-view\" data-scroll-devices=\"small-visibility,medium-visibility,large-visibility\"><div class=\"fusion-column-wrapper fusion-column-has-shadow fusion-flex-justify-content-flex-end fusion-content-layout-column\"><\/div><\/div><div class=\"fusion-layout-column fusion_builder_column fusion-builder-column-2 fusion_builder_column_1_1 1_1 fusion-flex-column fusion-flex-align-self-stretch fusion-animated\" style=\"--awb-bg-size:cover;--awb-width-large:100%;--awb-margin-top-large:0px;--awb-spacing-right-large:1.92%;--awb-margin-bottom-large:0px;--awb-spacing-left-large:3.84%;--awb-width-medium:50%;--awb-order-medium:1;--awb-spacing-right-medium:3.84%;--awb-spacing-left-medium:7.68%;--awb-width-small:100%;--awb-order-small:0;--awb-spacing-right-small:1.92%;--awb-margin-bottom-small:36px;--awb-spacing-left-small:1.92%;\" data-animationType=\"fadeIn\" data-animationDuration=\"1.3\" data-animationOffset=\"top-into-view\" data-scroll-devices=\"small-visibility,medium-visibility,large-visibility\"><div class=\"fusion-column-wrapper fusion-column-has-shadow fusion-flex-justify-content-flex-end fusion-content-layout-column\"><div class=\"fusion-text fusion-text-1 fusion-text-no-margin\" style=\"--awb-content-alignment:justify;--awb-text-transform:var(--awb-typography4-text-transform);--awb-text-color:var(--awb-color5);\"><p>La present Pol\u00edtica de Privacitat ha estat desenvolupada tenint en compte el que disposa la Llei Org\u00e0nica de Protecci\u00f3 de Dades de car\u00e0cter personal vigent, aix\u00ed com el Reglament 2016\/679 del Parlament Europeu i del Consell, de 27 d\u2019abril de 2016, relatiu a la protecci\u00f3 de les persones f\u00edsiques pel que fa al tractament de dades personals i a la circulaci\u00f3 d\u2019aquestes dades, en endavant el RGPD.<\/p>\n<p>Aquesta Pol\u00edtica de Privacitat t\u00e9 com a objectiu posar en coneixement dels titulars de les dades personals, respecte de les quals s\u2019est\u00e0 recollint informaci\u00f3, els aspectes espec\u00edfics relatius al tractament de les seves dades, entre altres coses, les finalitats dels tractaments, les dades de contacte per exercir els drets que els corresponen, els terminis de conservaci\u00f3 de la informaci\u00f3 i les mesures de seguretat, entre altres aspectes.<\/p>\n<h3>Responsable del Tractament<\/h3>\n<ul>\n<li><span style=\"text-decoration: underline;\">Denominaci\u00f3:<\/span> <b>VALLCORBA SALUT, SL<\/b><\/li>\n<li><span style=\"text-decoration: underline;\">Adre\u00e7a:<\/span> C\/ Compte Urgell 259, Local, 08036, Barcelona<\/li>\n<li><span style=\"text-decoration: underline;\">Tel\u00e8fon de contacte:<\/span> 934 441 812<\/li>\n<li><span style=\"text-decoration: underline;\">Correu electr\u00f2nic:<\/span> clinicavallcorba@clinicavallcorba.com<\/li>\n<li><span style=\"text-decoration: underline;\">Delegat de Protecci\u00f3 de Dades:<\/span> TECNODOSIS SL dpd@utpr.es<\/li>\n<\/ul>\n<h3>Tractaments de dades<\/h3>\n<p>Les dades de car\u00e0cter personal que es sol\u00b7licitin, si escau, consistiran \u00fanicament en aquelles estrictament imprescindibles per identificar i atendre la sol\u00b7licitud realitzada pel titular de les mateixes, en endavant l\u2019interessat. Aquesta informaci\u00f3 ser\u00e0 tractada de manera lleial, l\u00edcita i transparent en relaci\u00f3 amb l\u2019interessat. D\u2019altra banda, les dades personals seran recollides per a finalitats determinades, expl\u00edcites i leg\u00edtimes, no essent tractades posteriorment de manera incompatible amb aquestes finalitats.<\/p>\n<p>Les dades recollides de cada interessat seran adequades, pertinents i no excessives en relaci\u00f3 amb les finalitats corresponents per a cada cas, i seran actualitzades sempre que sigui necessari.<\/p>\n<p>El titular de les dades ser\u00e0 informat, amb car\u00e0cter previ a la recollida de les seves dades, dels extrems generals regulats en aquesta pol\u00edtica per tal que pugui prestar el consentiment expr\u00e9s, prec\u00eds i inequ\u00edvoc per al tractament de les seves dades, d\u2019acord amb els seg\u00fcents aspectes.<\/p>\n<h4><i><span style=\"text-decoration: underline;\">Finalitats del tractament<\/span><\/i><\/h4>\n<p>Les finalitats expl\u00edcites per a les quals es duen a terme cadascun dels tractaments venen recollides a les cl\u00e0usules informatives incorporades a cadascuna de les vies de recollida de dades (formularis web, butlletins informatius, etc.).<\/p>\n<p>No obstant aix\u00f2, les dades de car\u00e0cter personal de l\u2019interessat seran tractades amb l\u2019\u00fanica finalitat de proporcionar una resposta efectiva i atendre les sol\u00b7licituds realitzades per l\u2019usuari, especificades juntament amb l\u2019opci\u00f3, servei, formulari o sistema de recollida de dades que el titular utilitzi.<\/p>\n<h4><i><span style=\"text-decoration: underline;\">Legitimaci\u00f3<\/span><\/i><\/h4>\n<p>Com a regla general, abans del tractament de les dades personals, <b>VALLCORBA SALUT, SL<\/b> obt\u00e9 el consentiment expr\u00e9s i inequ\u00edvoc del titular de les mateixes, mitjan\u00e7ant la incorporaci\u00f3 de cl\u00e0usules de consentiment informat als diferents sistemes de recollida d\u2019informaci\u00f3.<\/p>\n<p>No obstant aix\u00f2, en cas que no es requereixi el consentiment de l\u2019interessat, la base legitimadora del tractament en la qual es fonamenta <b>VALLCORBA SALUT, SL<\/b> \u00e9s l\u2019exist\u00e8ncia d\u2019una llei o norma espec\u00edfica que autoritzi o exigeixi el tractament de les dades de l\u2019interessat.<\/p>\n<h4><i><span style=\"text-decoration: underline;\">Destinataris<\/span><\/i><\/h4>\n<p>Com a regla general, <b>VALLCORBA SALUT, SL<\/b> no procedeix a la cessi\u00f3 o comunicaci\u00f3 de les dades a terceres entitats, excepte les requerides legalment. No obstant aix\u00f2, en cas que fos necessari, aquestes cessions o comunicacions de dades s\u2019informen a l\u2019interessat a trav\u00e9s de les cl\u00e0usules de consentiment informat contingudes a les diferents vies de recollida de dades personals.<\/p>\n<h4><i><span style=\"text-decoration: underline;\">Proced\u00e8ncia<\/span><\/i><\/h4>\n<p>Com a regla general, les dades personals es recullen sempre directament de l\u2019interessat; no obstant aix\u00f2, en determinades excepcions, les dades poden ser recollides a trav\u00e9s de terceres persones, entitats o serveis diferents de l\u2019interessat. En aquest sentit, aquest extrem ser\u00e0 comunicat a l\u2019interessat a trav\u00e9s de les cl\u00e0usules de consentiment informat contingudes a les diferents vies de recollida d\u2019informaci\u00f3 i dins d\u2019un termini raonable, un cop obtingudes les dades, i com a m\u00e0xim dins d\u2019un mes.<\/p>\n<h4><i><span style=\"text-decoration: underline;\">Terminis de conservaci\u00f3<\/span><\/i><\/h4>\n<p>La informaci\u00f3 recollida de l\u2019interessat ser\u00e0 conservada mentre sigui necess\u00e0ria per complir amb la finalitat per la qual es van recollir les dades personals, de manera que, un cop complerta la finalitat, les dades seran cancel\u00b7lades. Aquesta cancel\u00b7laci\u00f3 donar\u00e0 lloc al bloqueig de les dades, conservant-se \u00fanicament a disposici\u00f3 de les AA.PP., Jutges i Tribunals, per atendre les possibles responsabilitats derivades del tractament; un cop complert el termini de prescripci\u00f3 es procedir\u00e0 a la destrucci\u00f3 de la informaci\u00f3.<\/p>\n<h3>Dades de navegaci\u00f3<\/h3>\n<p>En relaci\u00f3 amb les dades de navegaci\u00f3 que es puguin tractar a trav\u00e9s del lloc web, en cas que es recullin dades subjectes a la normativa, es recomana consultar la Pol\u00edtica de Cookies publicada al nostre lloc web.<\/p>\n<h3>Drets dels interessats<\/h3>\n<p>La normativa en mat\u00e8ria de protecci\u00f3 de dades atorga una s\u00e8rie de drets als interessats o titulars de les dades, usuaris del lloc web o usuaris dels perfils de les xarxes socials de <b>VALLCORBA SALUT, SL.<\/b><\/p>\n<p>Aquests drets que corresponen a les persones interessades s\u00f3n els seg\u00fcents:<\/p>\n<ul>\n<li><span style=\"text-decoration: underline;\">Dret d\u2019acc\u00e9s:<\/span> dret a obtenir informaci\u00f3 sobre si les seves dades estan sent objecte de tractament, la finalitat del tractament, les categories de dades que es tractin, els destinataris o categories de destinataris, el termini de conservaci\u00f3 i l\u2019origen d\u2019aquestes dades.<\/li>\n<li><span style=\"text-decoration: underline;\">Dret de rectificaci\u00f3:<\/span> dret a obtenir la rectificaci\u00f3 de les dades personals inexactes o incompletes.<\/li>\n<li><span style=\"text-decoration: underline;\">Dret de supressi\u00f3:<\/span> dret a obtenir la supressi\u00f3 de les dades personals.<\/li>\n<li><span style=\"text-decoration: underline;\">Dret d\u2019oposici\u00f3:<\/span> dret a oposar-se a un determinat tractament basat en el consentiment de l\u2019interessat.<\/li>\n<li><span style=\"text-decoration: underline;\">Dret a la limitaci\u00f3:<\/span> dret a obtenir la limitaci\u00f3 del tractament de les dades.<\/li>\n<li><span style=\"text-decoration: underline;\">Dret a la portabilitat:<\/span> dret a obtenir les dades en un format estructurat, d\u2019\u00fas com\u00fa i de lectura mec\u00e0nica, i a transmetre-les a un altre responsable del tractament conforme a la normativa de protecci\u00f3 de dades.<\/li>\n<\/ul>\n<p>A m\u00e9s, l\u2019interessat t\u00e9 dret a presentar una reclamaci\u00f3 davant l\u2019autoritat de control competent.<\/p>\n<p>Els interessats podran exercir els drets indicats dirigint-se a <a href=\"clinicavallcorba@clinicavallcorba.com\" target=\"_blank\" rel=\"noopener\"><b>clinicavallcorba@clinicavallcorba.com<\/b><\/a> mitjan\u00e7ant escrit, rem\u00e8s a l\u2019adre\u00e7a seg\u00fcent: <b>C\/ Compte Urgell 259, Local, 08036, Barcelona<\/b>, indicant a la l\u00ednia d\u2019Assumpte el dret que desitja exercir.<\/p>\n<p>En aquest sentit, <b>VALLCORBA SALUT, SL<\/b> atendr\u00e0 la seva sol\u00b7licitud com m\u00e9s aviat millor i tenint en compte els terminis previstos en la normativa en mat\u00e8ria de protecci\u00f3 de dades.<\/p>\n<p style=\"text-align: center;\"><b>A Barcelona, 10 de febrer de 2026.<\/b><\/p>\n<\/div><\/div><\/div><\/div><\/div>\n","protected":false},"excerpt":{"rendered":"","protected":false},"author":1,"featured_media":0,"parent":0,"menu_order":0,"comment_status":"closed","ping_status":"closed","template":"100-width.php","meta":{"footnotes":""},"class_list":["post-7418","page","type-page","status-publish","hentry"],"yoast_head":"<!-- This site is optimized with the Yoast SEO plugin v26.7 - https:\/\/yoast.com\/wordpress\/plugins\/seo\/ -->\n<title>Pol\u00edtica de privacitat - Cl\u00ednica Vallcorba<\/title>\n<meta name=\"description\" content=\"Pol\u00edtica de privacitat de Cl\u00ednica Vallcorba: tractament, finalitat i drets sobre les teves dades personals d\u2019acord amb la normativa vigent.\" \/>\n<meta name=\"robots\" content=\"index, follow, max-snippet:-1, max-image-preview:large, max-video-preview:-1\" \/>\n<link rel=\"canonical\" href=\"https:\/\/clinicavallcorba.com\/ca\/politica-de-privacitat\/\" \/>\n<meta property=\"og:locale\" content=\"ca_ES\" \/>\n<meta property=\"og:type\" content=\"article\" \/>\n<meta property=\"og:title\" content=\"Pol\u00edtica de privacitat - Cl\u00ednica Vallcorba\" \/>\n<meta property=\"og:description\" content=\"Pol\u00edtica de privacitat de Cl\u00ednica Vallcorba: tractament, finalitat i drets sobre les teves dades personals d\u2019acord amb la normativa vigent.\" \/>\n<meta property=\"og:url\" content=\"https:\/\/clinicavallcorba.com\/ca\/politica-de-privacitat\/\" \/>\n<meta property=\"og:site_name\" content=\"Cl\u00ednica Vallcorba\" \/>\n<meta property=\"article:modified_time\" content=\"2026-03-18T08:40:37+00:00\" \/>\n<meta name=\"twitter:card\" content=\"summary_large_image\" \/>\n<meta name=\"twitter:label1\" content=\"Temps estimat de lectura\" \/>\n\t<meta name=\"twitter:data1\" content=\"10 minuts\" \/>\n<script type=\"application\/ld+json\" class=\"yoast-schema-graph\">{\"@context\":\"https:\/\/schema.org\",\"@graph\":[{\"@type\":\"WebPage\",\"@id\":\"https:\/\/clinicavallcorba.com\/ca\/politica-de-privacitat\/\",\"url\":\"https:\/\/clinicavallcorba.com\/ca\/politica-de-privacitat\/\",\"name\":\"Pol\u00edtica de privacitat - Cl\u00ednica Vallcorba\",\"isPartOf\":{\"@id\":\"https:\/\/clinicavallcorba.com\/ca\/#website\"},\"datePublished\":\"2026-03-18T08:27:25+00:00\",\"dateModified\":\"2026-03-18T08:40:37+00:00\",\"description\":\"Pol\u00edtica de privacitat de Cl\u00ednica Vallcorba: tractament, finalitat i drets sobre les teves dades personals d\u2019acord amb la normativa vigent.\",\"breadcrumb\":{\"@id\":\"https:\/\/clinicavallcorba.com\/ca\/politica-de-privacitat\/#breadcrumb\"},\"inLanguage\":\"ca\",\"potentialAction\":[{\"@type\":\"ReadAction\",\"target\":[\"https:\/\/clinicavallcorba.com\/ca\/politica-de-privacitat\/\"]}]},{\"@type\":\"BreadcrumbList\",\"@id\":\"https:\/\/clinicavallcorba.com\/ca\/politica-de-privacitat\/#breadcrumb\",\"itemListElement\":[{\"@type\":\"ListItem\",\"position\":1,\"name\":\"Inici\",\"item\":\"https:\/\/clinicavallcorba.com\/ca\/\"},{\"@type\":\"ListItem\",\"position\":2,\"name\":\"Pol\u00edtica de privacitat\"}]},{\"@type\":\"WebSite\",\"@id\":\"https:\/\/clinicavallcorba.com\/ca\/#website\",\"url\":\"https:\/\/clinicavallcorba.com\/ca\/\",\"name\":\"Cl\u00ednica Vallcorba\",\"description\":\"Cl\u00ednica dental\",\"potentialAction\":[{\"@type\":\"SearchAction\",\"target\":{\"@type\":\"EntryPoint\",\"urlTemplate\":\"https:\/\/clinicavallcorba.com\/ca\/?s={search_term_string}\"},\"query-input\":{\"@type\":\"PropertyValueSpecification\",\"valueRequired\":true,\"valueName\":\"search_term_string\"}}],\"inLanguage\":\"ca\"}]}<\/script>\n<!-- \/ Yoast SEO plugin. -->","yoast_head_json":{"title":"Pol\u00edtica de privacitat - Cl\u00ednica Vallcorba","description":"Pol\u00edtica de privacitat de Cl\u00ednica Vallcorba: tractament, finalitat i drets sobre les teves dades personals d\u2019acord amb la normativa vigent.","robots":{"index":"index","follow":"follow","max-snippet":"max-snippet:-1","max-image-preview":"max-image-preview:large","max-video-preview":"max-video-preview:-1"},"canonical":"https:\/\/clinicavallcorba.com\/ca\/politica-de-privacitat\/","og_locale":"ca_ES","og_type":"article","og_title":"Pol\u00edtica de privacitat - Cl\u00ednica Vallcorba","og_description":"Pol\u00edtica de privacitat de Cl\u00ednica Vallcorba: tractament, finalitat i drets sobre les teves dades personals d\u2019acord amb la normativa vigent.","og_url":"https:\/\/clinicavallcorba.com\/ca\/politica-de-privacitat\/","og_site_name":"Cl\u00ednica Vallcorba","article_modified_time":"2026-03-18T08:40:37+00:00","twitter_card":"summary_large_image","twitter_misc":{"Temps estimat de lectura":"10 minuts"},"schema":{"@context":"https:\/\/schema.org","@graph":[{"@type":"WebPage","@id":"https:\/\/clinicavallcorba.com\/ca\/politica-de-privacitat\/","url":"https:\/\/clinicavallcorba.com\/ca\/politica-de-privacitat\/","name":"Pol\u00edtica de privacitat - Cl\u00ednica Vallcorba","isPartOf":{"@id":"https:\/\/clinicavallcorba.com\/ca\/#website"},"datePublished":"2026-03-18T08:27:25+00:00","dateModified":"2026-03-18T08:40:37+00:00","description":"Pol\u00edtica de privacitat de Cl\u00ednica Vallcorba: tractament, finalitat i drets sobre les teves dades personals d\u2019acord amb la normativa vigent.","breadcrumb":{"@id":"https:\/\/clinicavallcorba.com\/ca\/politica-de-privacitat\/#breadcrumb"},"inLanguage":"ca","potentialAction":[{"@type":"ReadAction","target":["https:\/\/clinicavallcorba.com\/ca\/politica-de-privacitat\/"]}]},{"@type":"BreadcrumbList","@id":"https:\/\/clinicavallcorba.com\/ca\/politica-de-privacitat\/#breadcrumb","itemListElement":[{"@type":"ListItem","position":1,"name":"Inici","item":"https:\/\/clinicavallcorba.com\/ca\/"},{"@type":"ListItem","position":2,"name":"Pol\u00edtica de privacitat"}]},{"@type":"WebSite","@id":"https:\/\/clinicavallcorba.com\/ca\/#website","url":"https:\/\/clinicavallcorba.com\/ca\/","name":"Cl\u00ednica Vallcorba","description":"Cl\u00ednica dental","potentialAction":[{"@type":"SearchAction","target":{"@type":"EntryPoint","urlTemplate":"https:\/\/clinicavallcorba.com\/ca\/?s={search_term_string}"},"query-input":{"@type":"PropertyValueSpecification","valueRequired":true,"valueName":"search_term_string"}}],"inLanguage":"ca"}]}},"_links":{"self":[{"href":"https:\/\/clinicavallcorba.com\/ca\/wp-json\/wp\/v2\/pages\/7418","targetHints":{"allow":["GET"]}}],"collection":[{"href":"https:\/\/clinicavallcorba.com\/ca\/wp-json\/wp\/v2\/pages"}],"about":[{"href":"https:\/\/clinicavallcorba.com\/ca\/wp-json\/wp\/v2\/types\/page"}],"author":[{"embeddable":true,"href":"https:\/\/clinicavallcorba.com\/ca\/wp-json\/wp\/v2\/users\/1"}],"replies":[{"embeddable":true,"href":"https:\/\/clinicavallcorba.com\/ca\/wp-json\/wp\/v2\/comments?post=7418"}],"version-history":[{"count":5,"href":"https:\/\/clinicavallcorba.com\/ca\/wp-json\/wp\/v2\/pages\/7418\/revisions"}],"predecessor-version":[{"id":7526,"href":"https:\/\/clinicavallcorba.com\/ca\/wp-json\/wp\/v2\/pages\/7418\/revisions\/7526"}],"wp:attachment":[{"href":"https:\/\/clinicavallcorba.com\/ca\/wp-json\/wp\/v2\/media?parent=7418"}],"curies":[{"name":"wp","href":"https:\/\/api.w.org\/{rel}","templated":true}]}}